

{"id":2244,"date":"2025-02-18T12:20:05","date_gmt":"2025-02-18T11:20:05","guid":{"rendered":"https:\/\/efs91.fr\/v2\/?page_id=2244"},"modified":"2025-02-18T12:20:05","modified_gmt":"2025-02-18T11:20:05","slug":"partenaires-2023-2024","status":"publish","type":"page","link":"https:\/\/efs91.fr\/v2\/partenaires-2023-2024\/","title":{"rendered":"Partenaires 2023 &#8211; 2024"},"content":{"rendered":"\n<p><\/p>\n\n\n\n<div class=\"wp-block-columns has-pale-cyan-blue-background-color has-background is-layout-flex wp-container-core-columns-is-layout-28f84493 wp-block-columns-is-layout-flex\">\n<div class=\"wp-block-column is-layout-flow wp-block-column-is-layout-flow\" style=\"border-style:none;border-width:0px;flex-basis:2%\">\n<p><br><\/p>\n<\/div>\n\n\n\n<div class=\"wp-block-column is-layout-flow wp-block-column-is-layout-flow\" style=\"flex-basis:45%\">\n<figure class=\"wp-block-image aligncenter size-full is-resized\"><img loading=\"lazy\" decoding=\"async\" width=\"1920\" height=\"1020\" src=\"https:\/\/efs91.fr\/v2\/wp-content\/uploads\/2023\/09\/SP.png\" alt=\"\" class=\"wp-image-970\" style=\"width:484px;height:257px\" srcset=\"https:\/\/efs91.fr\/v2\/wp-content\/uploads\/2023\/09\/SP.png 1920w, https:\/\/efs91.fr\/v2\/wp-content\/uploads\/2023\/09\/SP-600x319.png 600w\" sizes=\"auto, (max-width: 1920px) 100vw, 1920px\" \/><\/figure>\n\n\n\n<p class=\"has-text-color\" style=\"color:#ffffff00\">efs91 &#8211; eSport Ecole de jeu videos<\/p>\n\n\n\n<p class=\"has-text-color\" style=\"color:#ffffff00\">e-sport french school<\/p>\n\n\n\n<p class=\"has-text-align-center has-black-color has-text-color has-background\" style=\"background:linear-gradient(90deg,rgb(142,209,252) 0%,rgb(235,230,163) 77%,rgb(142,209,252) 100%)\">2 Rue Henri Janin, <br>94190 Villeneuve-Saint-Georges<br>Web : <a href=\"https:\/\/www.franprix.fr\/magasins\/4327\">Magasin Franprix<\/a><br><\/p>\n\n\n\n<p style=\"font-size:0rem\"><\/p>\n\n\n\n<p class=\"has-text-align-center has-black-color has-luminous-vivid-amber-to-luminous-vivid-orange-gradient-background has-text-color has-background\"> 01 69 03 52 49<\/p>\n<\/div>\n\n\n\n<div class=\"wp-block-column is-layout-flow wp-block-column-is-layout-flow\" style=\"flex-basis:15%\"><\/div>\n\n\n\n<div class=\"wp-block-column is-layout-flow wp-block-column-is-layout-flow\" style=\"flex-basis:45%\">\n<figure class=\"wp-block-image aligncenter size-full is-resized\"><img loading=\"lazy\" decoding=\"async\" width=\"1536\" height=\"1368\" src=\"https:\/\/efs91.fr\/v2\/wp-content\/uploads\/2023\/09\/JRVIANDES_Upscale_x3.png\" alt=\"\" class=\"wp-image-972\" style=\"width:379px;height:338px\" srcset=\"https:\/\/efs91.fr\/v2\/wp-content\/uploads\/2023\/09\/JRVIANDES_Upscale_x3.png 1536w, https:\/\/efs91.fr\/v2\/wp-content\/uploads\/2023\/09\/JRVIANDES_Upscale_x3-600x534.png 600w\" sizes=\"auto, (max-width: 1536px) 100vw, 1536px\" \/><\/figure>\n\n\n\n<p class=\"has-text-align-center has-black-color has-text-color has-background\" style=\"background:linear-gradient(90deg,rgb(142,209,252) 0%,rgb(235,230,163) 77%,rgb(142,209,252) 100%)\">March\u00e9 de Montgeron &amp;<br>La boutique \u00ab\u00a0Les Bons Vivants\u00a0\u00bb , <br><strong>60 avenue du Pr\u00e9sident Franklin Roosevelt<\/strong> \u00e0 Chevilly-Larue.<br>contact@jrviandes.fr<br>Commande en ligne &#8211; Livraison &#8211; R\u00e9cup\u00e9ration au march\u00e9<\/p>\n\n\n\n<p class=\"has-text-align-center has-black-color has-luminous-vivid-amber-to-luminous-vivid-orange-gradient-background has-text-color has-background\">06 32 93 84 11<\/p>\n<\/div>\n<\/div>\n\n\n\n<p><\/p>\n","protected":false},"excerpt":{"rendered":"<p>efs91 &#8211; eSport Ecole de jeu videos e-sport french school 2 Rue Henri Janin, 94190 Villeneuve-Saint-GeorgesWeb : Magasin Franprix 01 [&hellip;]<\/p>\n","protected":false},"author":1,"featured_media":0,"parent":0,"menu_order":0,"comment_status":"closed","ping_status":"closed","template":"","meta":{"site-sidebar-layout":"default","site-content-layout":"","ast-site-content-layout":"","site-content-style":"default","site-sidebar-style":"default","ast-global-header-display":"","ast-banner-title-visibility":"","ast-main-header-display":"","ast-hfb-above-header-display":"","ast-hfb-below-header-display":"","ast-hfb-mobile-header-display":"","site-post-title":"","ast-breadcrumbs-content":"","ast-featured-img":"","footer-sml-layout":"","theme-transparent-header-meta":"","adv-header-id-meta":"","stick-header-meta":"","header-above-stick-meta":"","header-main-stick-meta":"","header-below-stick-meta":"","astra-migrate-meta-layouts":"default","ast-page-background-enabled":"default","ast-page-background-meta":{"desktop":{"background-color":"var(--ast-global-color-5)","background-image":"","background-repeat":"repeat","background-position":"center center","background-size":"auto","background-attachment":"scroll","background-type":"","background-media":"","overlay-type":"","overlay-color":"","overlay-opacity":"","overlay-gradient":""},"tablet":{"background-color":"","background-image":"","background-repeat":"repeat","background-position":"center center","background-size":"auto","background-attachment":"scroll","background-type":"","background-media":"","overlay-type":"","overlay-color":"","overlay-opacity":"","overlay-gradient":""},"mobile":{"background-color":"","background-image":"","background-repeat":"repeat","background-position":"center center","background-size":"auto","background-attachment":"scroll","background-type":"","background-media":"","overlay-type":"","overlay-color":"","overlay-opacity":"","overlay-gradient":""}},"ast-content-background-meta":{"desktop":{"background-color":"var(--ast-global-color-4)","background-image":"","background-repeat":"repeat","background-position":"center center","background-size":"auto","background-attachment":"scroll","background-type":"","background-media":"","overlay-type":"","overlay-color":"","overlay-opacity":"","overlay-gradient":""},"tablet":{"background-color":"var(--ast-global-color-4)","background-image":"","background-repeat":"repeat","background-position":"center center","background-size":"auto","background-attachment":"scroll","background-type":"","background-media":"","overlay-type":"","overlay-color":"","overlay-opacity":"","overlay-gradient":""},"mobile":{"background-color":"var(--ast-global-color-4)","background-image":"","background-repeat":"repeat","background-position":"center center","background-size":"auto","background-attachment":"scroll","background-type":"","background-media":"","overlay-type":"","overlay-color":"","overlay-opacity":"","overlay-gradient":""}},"footnotes":""},"class_list":["post-2244","page","type-page","status-publish","hentry"],"_links":{"self":[{"href":"https:\/\/efs91.fr\/v2\/wp-json\/wp\/v2\/pages\/2244","targetHints":{"allow":["GET"]}}],"collection":[{"href":"https:\/\/efs91.fr\/v2\/wp-json\/wp\/v2\/pages"}],"about":[{"href":"https:\/\/efs91.fr\/v2\/wp-json\/wp\/v2\/types\/page"}],"author":[{"embeddable":true,"href":"https:\/\/efs91.fr\/v2\/wp-json\/wp\/v2\/users\/1"}],"replies":[{"embeddable":true,"href":"https:\/\/efs91.fr\/v2\/wp-json\/wp\/v2\/comments?post=2244"}],"version-history":[{"count":1,"href":"https:\/\/efs91.fr\/v2\/wp-json\/wp\/v2\/pages\/2244\/revisions"}],"predecessor-version":[{"id":2250,"href":"https:\/\/efs91.fr\/v2\/wp-json\/wp\/v2\/pages\/2244\/revisions\/2250"}],"wp:attachment":[{"href":"https:\/\/efs91.fr\/v2\/wp-json\/wp\/v2\/media?parent=2244"}],"curies":[{"name":"wp","href":"https:\/\/api.w.org\/{rel}","templated":true}]}}