

{"id":2814,"date":"2026-03-01T14:06:44","date_gmt":"2026-03-01T13:06:44","guid":{"rendered":"https:\/\/efs91.fr\/v2\/?page_id=2814"},"modified":"2026-03-01T14:06:44","modified_gmt":"2026-03-01T13:06:44","slug":"rejoindre-le-serveur-cobblemon","status":"publish","type":"page","link":"https:\/\/efs91.fr\/v2\/rejoindre-le-serveur-cobblemon\/","title":{"rendered":"Rejoindre le serveur Cobblemon"},"content":{"rendered":"\n<p>Installer Curse Forge : https:\/\/www.curseforge.com\/download\/app<\/p>\n\n\n\n<p>1. Il faut cliquer sur Download Standalone (voir image ci-dessous)<\/p>\n\n\n\n<figure class=\"wp-block-image size-large\"><img loading=\"lazy\" decoding=\"async\" width=\"1024\" height=\"533\" src=\"https:\/\/efs91.fr\/v2\/wp-content\/uploads\/2026\/03\/image-1-1024x533.png\" alt=\"\" class=\"wp-image-2816\" srcset=\"https:\/\/efs91.fr\/v2\/wp-content\/uploads\/2026\/03\/image-1-1024x533.png 1024w, https:\/\/efs91.fr\/v2\/wp-content\/uploads\/2026\/03\/image-1-300x156.png 300w, https:\/\/efs91.fr\/v2\/wp-content\/uploads\/2026\/03\/image-1-768x400.png 768w, https:\/\/efs91.fr\/v2\/wp-content\/uploads\/2026\/03\/image-1-600x312.png 600w, https:\/\/efs91.fr\/v2\/wp-content\/uploads\/2026\/03\/image-1.png 1159w\" sizes=\"auto, (max-width: 1024px) 100vw, 1024px\" \/><\/figure>\n\n\n\n<p>2. Il faut ex\u00e9cuter le fichier qu&rsquo;on a t\u00e9l\u00e9charger <\/p>\n\n\n\n<figure class=\"wp-block-image size-full\"><img loading=\"lazy\" decoding=\"async\" width=\"848\" height=\"532\" src=\"https:\/\/efs91.fr\/v2\/wp-content\/uploads\/2026\/03\/image-3.png\" alt=\"\" class=\"wp-image-2818\" srcset=\"https:\/\/efs91.fr\/v2\/wp-content\/uploads\/2026\/03\/image-3.png 848w, https:\/\/efs91.fr\/v2\/wp-content\/uploads\/2026\/03\/image-3-300x188.png 300w, https:\/\/efs91.fr\/v2\/wp-content\/uploads\/2026\/03\/image-3-768x482.png 768w, https:\/\/efs91.fr\/v2\/wp-content\/uploads\/2026\/03\/image-3-600x376.png 600w\" sizes=\"auto, (max-width: 848px) 100vw, 848px\" \/><\/figure>\n\n\n\n<p><br>Ensuite on installe l&rsquo;application<\/p>\n\n\n\n<figure class=\"wp-block-image size-full\"><img loading=\"lazy\" decoding=\"async\" width=\"636\" height=\"419\" src=\"https:\/\/efs91.fr\/v2\/wp-content\/uploads\/2026\/03\/image-5.png\" alt=\"\" class=\"wp-image-2820\" srcset=\"https:\/\/efs91.fr\/v2\/wp-content\/uploads\/2026\/03\/image-5.png 636w, https:\/\/efs91.fr\/v2\/wp-content\/uploads\/2026\/03\/image-5-300x198.png 300w, https:\/\/efs91.fr\/v2\/wp-content\/uploads\/2026\/03\/image-5-600x395.png 600w\" sizes=\"auto, (max-width: 636px) 100vw, 636px\" \/><\/figure>\n\n\n\n<p> <\/p>\n\n\n\n<figure class=\"wp-block-image size-full\"><img loading=\"lazy\" decoding=\"async\" width=\"638\" height=\"416\" src=\"https:\/\/efs91.fr\/v2\/wp-content\/uploads\/2026\/03\/image-6.png\" alt=\"\" class=\"wp-image-2821\" srcset=\"https:\/\/efs91.fr\/v2\/wp-content\/uploads\/2026\/03\/image-6.png 638w, https:\/\/efs91.fr\/v2\/wp-content\/uploads\/2026\/03\/image-6-300x196.png 300w, https:\/\/efs91.fr\/v2\/wp-content\/uploads\/2026\/03\/image-6-600x391.png 600w\" sizes=\"auto, (max-width: 638px) 100vw, 638px\" \/><\/figure>\n\n\n\n<figure class=\"wp-block-image size-full\"><img loading=\"lazy\" decoding=\"async\" width=\"636\" height=\"421\" src=\"https:\/\/efs91.fr\/v2\/wp-content\/uploads\/2026\/03\/image-7.png\" alt=\"\" class=\"wp-image-2822\" srcset=\"https:\/\/efs91.fr\/v2\/wp-content\/uploads\/2026\/03\/image-7.png 636w, https:\/\/efs91.fr\/v2\/wp-content\/uploads\/2026\/03\/image-7-300x199.png 300w, https:\/\/efs91.fr\/v2\/wp-content\/uploads\/2026\/03\/image-7-600x397.png 600w\" sizes=\"auto, (max-width: 636px) 100vw, 636px\" \/><\/figure>\n\n\n\n<p>Ce n&rsquo;est pas n\u00e9cessaire d&rsquo;installer l&rsquo;application d&rsquo;enregistrement <\/p>\n\n\n\n<figure class=\"wp-block-image size-full\"><img loading=\"lazy\" decoding=\"async\" width=\"637\" height=\"415\" src=\"https:\/\/efs91.fr\/v2\/wp-content\/uploads\/2026\/03\/image-8.png\" alt=\"\" class=\"wp-image-2823\" srcset=\"https:\/\/efs91.fr\/v2\/wp-content\/uploads\/2026\/03\/image-8.png 637w, https:\/\/efs91.fr\/v2\/wp-content\/uploads\/2026\/03\/image-8-300x195.png 300w, https:\/\/efs91.fr\/v2\/wp-content\/uploads\/2026\/03\/image-8-600x391.png 600w\" sizes=\"auto, (max-width: 637px) 100vw, 637px\" \/><\/figure>\n\n\n\n<p>Une fois l&rsquo;application install\u00e9e elle va s\u2019ouvrir <\/p>\n\n\n\n<figure class=\"wp-block-image size-large\"><img loading=\"lazy\" decoding=\"async\" width=\"1024\" height=\"544\" src=\"https:\/\/efs91.fr\/v2\/wp-content\/uploads\/2026\/03\/image-10-1024x544.png\" alt=\"\" class=\"wp-image-2825\" srcset=\"https:\/\/efs91.fr\/v2\/wp-content\/uploads\/2026\/03\/image-10-1024x544.png 1024w, https:\/\/efs91.fr\/v2\/wp-content\/uploads\/2026\/03\/image-10-300x159.png 300w, https:\/\/efs91.fr\/v2\/wp-content\/uploads\/2026\/03\/image-10-768x408.png 768w, https:\/\/efs91.fr\/v2\/wp-content\/uploads\/2026\/03\/image-10-600x319.png 600w, https:\/\/efs91.fr\/v2\/wp-content\/uploads\/2026\/03\/image-10.png 1483w\" sizes=\"auto, (max-width: 1024px) 100vw, 1024px\" \/><\/figure>\n\n\n\n<figure class=\"wp-block-image size-large\"><img loading=\"lazy\" decoding=\"async\" width=\"1024\" height=\"551\" src=\"https:\/\/efs91.fr\/v2\/wp-content\/uploads\/2026\/03\/image-11-1024x551.png\" alt=\"\" class=\"wp-image-2826\" srcset=\"https:\/\/efs91.fr\/v2\/wp-content\/uploads\/2026\/03\/image-11-1024x551.png 1024w, https:\/\/efs91.fr\/v2\/wp-content\/uploads\/2026\/03\/image-11-300x161.png 300w, https:\/\/efs91.fr\/v2\/wp-content\/uploads\/2026\/03\/image-11-768x413.png 768w, https:\/\/efs91.fr\/v2\/wp-content\/uploads\/2026\/03\/image-11-600x323.png 600w, https:\/\/efs91.fr\/v2\/wp-content\/uploads\/2026\/03\/image-11.png 1463w\" sizes=\"auto, (max-width: 1024px) 100vw, 1024px\" \/><\/figure>\n\n\n\n<p>Inutile de s&rsquo;enregistrer pour le moment : <br><\/p>\n\n\n\n<figure class=\"wp-block-image size-large\"><img loading=\"lazy\" decoding=\"async\" width=\"1024\" height=\"542\" src=\"https:\/\/efs91.fr\/v2\/wp-content\/uploads\/2026\/03\/image-12-1024x542.png\" alt=\"\" class=\"wp-image-2827\" srcset=\"https:\/\/efs91.fr\/v2\/wp-content\/uploads\/2026\/03\/image-12-1024x542.png 1024w, https:\/\/efs91.fr\/v2\/wp-content\/uploads\/2026\/03\/image-12-300x159.png 300w, https:\/\/efs91.fr\/v2\/wp-content\/uploads\/2026\/03\/image-12-768x407.png 768w, https:\/\/efs91.fr\/v2\/wp-content\/uploads\/2026\/03\/image-12-600x318.png 600w, https:\/\/efs91.fr\/v2\/wp-content\/uploads\/2026\/03\/image-12.png 1480w\" sizes=\"auto, (max-width: 1024px) 100vw, 1024px\" \/><\/figure>\n\n\n\n<p>Ensuite on Choisi : Minecraft<\/p>\n\n\n\n<figure class=\"wp-block-image size-large\"><img loading=\"lazy\" decoding=\"async\" width=\"1024\" height=\"541\" src=\"https:\/\/efs91.fr\/v2\/wp-content\/uploads\/2026\/03\/image-13-1024x541.png\" alt=\"\" class=\"wp-image-2828\" srcset=\"https:\/\/efs91.fr\/v2\/wp-content\/uploads\/2026\/03\/image-13-1024x541.png 1024w, https:\/\/efs91.fr\/v2\/wp-content\/uploads\/2026\/03\/image-13-300x159.png 300w, https:\/\/efs91.fr\/v2\/wp-content\/uploads\/2026\/03\/image-13-768x406.png 768w, https:\/\/efs91.fr\/v2\/wp-content\/uploads\/2026\/03\/image-13-600x317.png 600w, https:\/\/efs91.fr\/v2\/wp-content\/uploads\/2026\/03\/image-13.png 1476w\" sizes=\"auto, (max-width: 1024px) 100vw, 1024px\" \/><\/figure>\n\n\n\n<p>On choisit l&rsquo;installation STANDARD <\/p>\n\n\n\n<figure class=\"wp-block-image size-large\"><img loading=\"lazy\" decoding=\"async\" width=\"1024\" height=\"543\" src=\"https:\/\/efs91.fr\/v2\/wp-content\/uploads\/2026\/03\/image-14-1024x543.png\" alt=\"\" class=\"wp-image-2829\" srcset=\"https:\/\/efs91.fr\/v2\/wp-content\/uploads\/2026\/03\/image-14-1024x543.png 1024w, https:\/\/efs91.fr\/v2\/wp-content\/uploads\/2026\/03\/image-14-300x159.png 300w, https:\/\/efs91.fr\/v2\/wp-content\/uploads\/2026\/03\/image-14-768x407.png 768w, https:\/\/efs91.fr\/v2\/wp-content\/uploads\/2026\/03\/image-14-600x318.png 600w, https:\/\/efs91.fr\/v2\/wp-content\/uploads\/2026\/03\/image-14.png 1477w\" sizes=\"auto, (max-width: 1024px) 100vw, 1024px\" \/><\/figure>\n\n\n\n<p>On  choisis de lancer Minecraft avec CurseForge (Lauch with CurseForge)<br>Et on se connecte a son compte Microsoft (le compte avec lequel on a achet\u00e9 Minecraft)<br><\/p>\n\n\n\n<figure class=\"wp-block-image size-large\"><img loading=\"lazy\" decoding=\"async\" width=\"1024\" height=\"540\" src=\"https:\/\/efs91.fr\/v2\/wp-content\/uploads\/2026\/03\/image-15-1024x540.png\" alt=\"\" class=\"wp-image-2830\" srcset=\"https:\/\/efs91.fr\/v2\/wp-content\/uploads\/2026\/03\/image-15-1024x540.png 1024w, https:\/\/efs91.fr\/v2\/wp-content\/uploads\/2026\/03\/image-15-300x158.png 300w, https:\/\/efs91.fr\/v2\/wp-content\/uploads\/2026\/03\/image-15-768x405.png 768w, https:\/\/efs91.fr\/v2\/wp-content\/uploads\/2026\/03\/image-15-600x317.png 600w, https:\/\/efs91.fr\/v2\/wp-content\/uploads\/2026\/03\/image-15.png 1465w\" sizes=\"auto, (max-width: 1024px) 100vw, 1024px\" \/><\/figure>\n\n\n\n<p>On clique sur le bouton qui va copier dans le press papier le code et ouvrir la fen\u00eatre de connexion Microsoft<\/p>\n\n\n\n<figure class=\"wp-block-image size-full\"><img loading=\"lazy\" decoding=\"async\" width=\"518\" height=\"232\" src=\"https:\/\/efs91.fr\/v2\/wp-content\/uploads\/2026\/03\/image-16.png\" alt=\"\" class=\"wp-image-2831\" srcset=\"https:\/\/efs91.fr\/v2\/wp-content\/uploads\/2026\/03\/image-16.png 518w, https:\/\/efs91.fr\/v2\/wp-content\/uploads\/2026\/03\/image-16-300x134.png 300w\" sizes=\"auto, (max-width: 518px) 100vw, 518px\" \/><\/figure>\n\n\n\n<p>On va coller le code dans la fen\u00eatre ou il est marqu\u00e9 : \u00ab\u00a0Entrez le code de s\u00e9curit\u00e9\u00a0\u00bb<br>CRTL + V ou Bouton droit de la souris + Coller<br>Et ensuite cliquer sur Autoriser l&rsquo;acc\u00e8s<\/p>\n\n\n\n<figure class=\"wp-block-image size-large\"><img loading=\"lazy\" decoding=\"async\" width=\"1024\" height=\"702\" src=\"https:\/\/efs91.fr\/v2\/wp-content\/uploads\/2026\/03\/image-17-1024x702.png\" alt=\"\" class=\"wp-image-2832\" srcset=\"https:\/\/efs91.fr\/v2\/wp-content\/uploads\/2026\/03\/image-17-1024x702.png 1024w, https:\/\/efs91.fr\/v2\/wp-content\/uploads\/2026\/03\/image-17-300x206.png 300w, https:\/\/efs91.fr\/v2\/wp-content\/uploads\/2026\/03\/image-17-768x526.png 768w, https:\/\/efs91.fr\/v2\/wp-content\/uploads\/2026\/03\/image-17-600x411.png 600w, https:\/\/efs91.fr\/v2\/wp-content\/uploads\/2026\/03\/image-17.png 1074w\" sizes=\"auto, (max-width: 1024px) 100vw, 1024px\" \/><\/figure>\n\n\n\n<p>Ensuite choisir un moyen d\u2019authentification : <br><\/p>\n\n\n\n<figure class=\"wp-block-image size-large\"><img loading=\"lazy\" decoding=\"async\" width=\"1024\" height=\"578\" src=\"https:\/\/efs91.fr\/v2\/wp-content\/uploads\/2026\/03\/image-18-1024x578.png\" alt=\"\" class=\"wp-image-2833\" srcset=\"https:\/\/efs91.fr\/v2\/wp-content\/uploads\/2026\/03\/image-18-1024x578.png 1024w, https:\/\/efs91.fr\/v2\/wp-content\/uploads\/2026\/03\/image-18-300x169.png 300w, https:\/\/efs91.fr\/v2\/wp-content\/uploads\/2026\/03\/image-18-768x434.png 768w, https:\/\/efs91.fr\/v2\/wp-content\/uploads\/2026\/03\/image-18-600x339.png 600w, https:\/\/efs91.fr\/v2\/wp-content\/uploads\/2026\/03\/image-18.png 1050w\" sizes=\"auto, (max-width: 1024px) 100vw, 1024px\" \/><\/figure>\n\n\n\n<p>En fonction de ce qui est choisi, soit vous entrez votre mot de passe, soit le code re\u00e7u par email<\/p>\n\n\n\n<p>Ensuite il faut autoriser l&rsquo;acces au comtpe : <\/p>\n\n\n\n<figure class=\"wp-block-image size-full\"><img loading=\"lazy\" decoding=\"async\" width=\"533\" height=\"782\" src=\"https:\/\/efs91.fr\/v2\/wp-content\/uploads\/2026\/03\/image-20.png\" alt=\"\" class=\"wp-image-2835\" srcset=\"https:\/\/efs91.fr\/v2\/wp-content\/uploads\/2026\/03\/image-20.png 533w, https:\/\/efs91.fr\/v2\/wp-content\/uploads\/2026\/03\/image-20-204x300.png 204w\" sizes=\"auto, (max-width: 533px) 100vw, 533px\" \/><\/figure>\n\n\n\n<p>Vous devez maintenant voir cette fen\u00eatre<\/p>\n\n\n\n<figure class=\"wp-block-image size-full\"><img loading=\"lazy\" decoding=\"async\" width=\"460\" height=\"363\" src=\"https:\/\/efs91.fr\/v2\/wp-content\/uploads\/2026\/03\/image-21.png\" alt=\"\" class=\"wp-image-2836\" srcset=\"https:\/\/efs91.fr\/v2\/wp-content\/uploads\/2026\/03\/image-21.png 460w, https:\/\/efs91.fr\/v2\/wp-content\/uploads\/2026\/03\/image-21-300x237.png 300w\" sizes=\"auto, (max-width: 460px) 100vw, 460px\" \/><\/figure>\n\n\n\n<p>Il faut maintenant retourner sur CurseForge en cliquant sur son ic\u00f4ne dans la barre des tache en bas de l&rsquo;\u00e9cran<\/p>\n\n\n\n<figure class=\"wp-block-image size-large\"><img loading=\"lazy\" decoding=\"async\" width=\"1024\" height=\"67\" src=\"https:\/\/efs91.fr\/v2\/wp-content\/uploads\/2026\/03\/image-22-1024x67.png\" alt=\"\" class=\"wp-image-2837\" srcset=\"https:\/\/efs91.fr\/v2\/wp-content\/uploads\/2026\/03\/image-22-1024x67.png 1024w, https:\/\/efs91.fr\/v2\/wp-content\/uploads\/2026\/03\/image-22-300x20.png 300w, https:\/\/efs91.fr\/v2\/wp-content\/uploads\/2026\/03\/image-22-768x51.png 768w, https:\/\/efs91.fr\/v2\/wp-content\/uploads\/2026\/03\/image-22-600x40.png 600w, https:\/\/efs91.fr\/v2\/wp-content\/uploads\/2026\/03\/image-22.png 1169w\" sizes=\"auto, (max-width: 1024px) 100vw, 1024px\" \/><\/figure>\n\n\n\n<p>Cursforge devrait afficher \u00e7a, avec votre pseudo Minecraft : <\/p>\n\n\n\n<figure class=\"wp-block-image size-full\"><img loading=\"lazy\" decoding=\"async\" width=\"978\" height=\"762\" src=\"https:\/\/efs91.fr\/v2\/wp-content\/uploads\/2026\/03\/image-23.png\" alt=\"\" class=\"wp-image-2838\" srcset=\"https:\/\/efs91.fr\/v2\/wp-content\/uploads\/2026\/03\/image-23.png 978w, https:\/\/efs91.fr\/v2\/wp-content\/uploads\/2026\/03\/image-23-300x234.png 300w, https:\/\/efs91.fr\/v2\/wp-content\/uploads\/2026\/03\/image-23-768x598.png 768w, https:\/\/efs91.fr\/v2\/wp-content\/uploads\/2026\/03\/image-23-600x467.png 600w\" sizes=\"auto, (max-width: 978px) 100vw, 978px\" \/><\/figure>\n\n\n\n<p>Il faut maintenant installer le modpack Cobblemon academy 2.0<br>cliquez sur le lien suivant<br><a href=\"https:\/\/www.curseforge.com\/minecraft\/modpacks\/cobblemon-academy-2-0\">https:\/\/www.curseforge.com\/minecraft\/modpacks\/cobblemon-academy-2-0<\/a><\/p>\n\n\n\n<p>Ca ouvira cette page<\/p>\n\n\n\n<figure class=\"wp-block-image size-large\"><img loading=\"lazy\" decoding=\"async\" width=\"1024\" height=\"570\" src=\"https:\/\/efs91.fr\/v2\/wp-content\/uploads\/2026\/03\/image-24-1024x570.png\" alt=\"\" class=\"wp-image-2839\" srcset=\"https:\/\/efs91.fr\/v2\/wp-content\/uploads\/2026\/03\/image-24-1024x570.png 1024w, https:\/\/efs91.fr\/v2\/wp-content\/uploads\/2026\/03\/image-24-300x167.png 300w, https:\/\/efs91.fr\/v2\/wp-content\/uploads\/2026\/03\/image-24-768x428.png 768w, https:\/\/efs91.fr\/v2\/wp-content\/uploads\/2026\/03\/image-24-600x334.png 600w, https:\/\/efs91.fr\/v2\/wp-content\/uploads\/2026\/03\/image-24.png 1239w\" sizes=\"auto, (max-width: 1024px) 100vw, 1024px\" \/><\/figure>\n\n\n\n<p>Le navigateur va ouvrire cette fen\u00eatre, il faut cliquer sur : Ouvrir le lien<br><\/p>\n\n\n\n<figure class=\"wp-block-image size-full\"><img loading=\"lazy\" decoding=\"async\" width=\"1005\" height=\"387\" src=\"https:\/\/efs91.fr\/v2\/wp-content\/uploads\/2026\/03\/image-25.png\" alt=\"\" class=\"wp-image-2840\" srcset=\"https:\/\/efs91.fr\/v2\/wp-content\/uploads\/2026\/03\/image-25.png 1005w, https:\/\/efs91.fr\/v2\/wp-content\/uploads\/2026\/03\/image-25-300x116.png 300w, https:\/\/efs91.fr\/v2\/wp-content\/uploads\/2026\/03\/image-25-768x296.png 768w, https:\/\/efs91.fr\/v2\/wp-content\/uploads\/2026\/03\/image-25-600x231.png 600w\" sizes=\"auto, (max-width: 1005px) 100vw, 1005px\" \/><\/figure>\n\n\n\n<p>Curse Forge va s&rsquo;ouvire et le modpack va s&rsquo;installer : <br><\/p>\n\n\n\n<figure class=\"wp-block-image size-full\"><img loading=\"lazy\" decoding=\"async\" width=\"950\" height=\"350\" src=\"https:\/\/efs91.fr\/v2\/wp-content\/uploads\/2026\/03\/image-27.png\" alt=\"\" class=\"wp-image-2842\" srcset=\"https:\/\/efs91.fr\/v2\/wp-content\/uploads\/2026\/03\/image-27.png 950w, https:\/\/efs91.fr\/v2\/wp-content\/uploads\/2026\/03\/image-27-300x111.png 300w, https:\/\/efs91.fr\/v2\/wp-content\/uploads\/2026\/03\/image-27-768x283.png 768w, https:\/\/efs91.fr\/v2\/wp-content\/uploads\/2026\/03\/image-27-600x221.png 600w\" sizes=\"auto, (max-width: 950px) 100vw, 950px\" \/><\/figure>\n\n\n\n<p>Cela peut prendre quelques minutes<br>A la fin, vous verrez cela et il suffira de cliquer sur PLAY pour lancer le client.<\/p>\n\n\n\n<figure class=\"wp-block-image size-full\"><img loading=\"lazy\" decoding=\"async\" width=\"941\" height=\"275\" src=\"https:\/\/efs91.fr\/v2\/wp-content\/uploads\/2026\/03\/image-28.png\" alt=\"\" class=\"wp-image-2843\" srcset=\"https:\/\/efs91.fr\/v2\/wp-content\/uploads\/2026\/03\/image-28.png 941w, https:\/\/efs91.fr\/v2\/wp-content\/uploads\/2026\/03\/image-28-300x88.png 300w, https:\/\/efs91.fr\/v2\/wp-content\/uploads\/2026\/03\/image-28-768x224.png 768w, https:\/\/efs91.fr\/v2\/wp-content\/uploads\/2026\/03\/image-28-600x175.png 600w\" sizes=\"auto, (max-width: 941px) 100vw, 941px\" \/><\/figure>\n\n\n\n<p>C&rsquo;est un Minecraft Modder qui va s&rsquo;ouvrir il faudra comme sur le Minecraft normal, cliquer sur Multiplayer et ajouter le serveur : <br>cobblemon.efs91.fr<\/p>\n\n\n\n<p>D&rsquo;abord on clique sur Multiplayer <\/p>\n\n\n\n<figure class=\"wp-block-image size-full\"><img loading=\"lazy\" decoding=\"async\" width=\"1006\" height=\"780\" src=\"https:\/\/efs91.fr\/v2\/wp-content\/uploads\/2026\/03\/image-30.png\" alt=\"\" class=\"wp-image-2845\" srcset=\"https:\/\/efs91.fr\/v2\/wp-content\/uploads\/2026\/03\/image-30.png 1006w, https:\/\/efs91.fr\/v2\/wp-content\/uploads\/2026\/03\/image-30-300x233.png 300w, https:\/\/efs91.fr\/v2\/wp-content\/uploads\/2026\/03\/image-30-768x595.png 768w, https:\/\/efs91.fr\/v2\/wp-content\/uploads\/2026\/03\/image-30-600x465.png 600w\" sizes=\"auto, (max-width: 1006px) 100vw, 1006px\" \/><\/figure>\n\n\n\n<p>On doit autoriser Java : <br><\/p>\n\n\n\n<figure class=\"wp-block-image size-full\"><img loading=\"lazy\" decoding=\"async\" width=\"440\" height=\"422\" src=\"https:\/\/efs91.fr\/v2\/wp-content\/uploads\/2026\/03\/image-29.png\" alt=\"\" class=\"wp-image-2844\" srcset=\"https:\/\/efs91.fr\/v2\/wp-content\/uploads\/2026\/03\/image-29.png 440w, https:\/\/efs91.fr\/v2\/wp-content\/uploads\/2026\/03\/image-29-300x288.png 300w\" sizes=\"auto, (max-width: 440px) 100vw, 440px\" \/><\/figure>\n\n\n\n<p>On peut ensuite ajouter le serveur EFS91 : <br><\/p>\n\n\n\n<figure class=\"wp-block-image size-full\"><img loading=\"lazy\" decoding=\"async\" width=\"1006\" height=\"786\" src=\"https:\/\/efs91.fr\/v2\/wp-content\/uploads\/2026\/03\/image-31.png\" alt=\"\" class=\"wp-image-2846\" srcset=\"https:\/\/efs91.fr\/v2\/wp-content\/uploads\/2026\/03\/image-31.png 1006w, https:\/\/efs91.fr\/v2\/wp-content\/uploads\/2026\/03\/image-31-300x234.png 300w, https:\/\/efs91.fr\/v2\/wp-content\/uploads\/2026\/03\/image-31-768x600.png 768w, https:\/\/efs91.fr\/v2\/wp-content\/uploads\/2026\/03\/image-31-600x469.png 600w\" sizes=\"auto, (max-width: 1006px) 100vw, 1006px\" \/><\/figure>\n\n\n\n<figure class=\"wp-block-image size-full\"><img loading=\"lazy\" decoding=\"async\" width=\"1004\" height=\"777\" src=\"https:\/\/efs91.fr\/v2\/wp-content\/uploads\/2026\/03\/image-32.png\" alt=\"\" class=\"wp-image-2847\" srcset=\"https:\/\/efs91.fr\/v2\/wp-content\/uploads\/2026\/03\/image-32.png 1004w, https:\/\/efs91.fr\/v2\/wp-content\/uploads\/2026\/03\/image-32-300x232.png 300w, https:\/\/efs91.fr\/v2\/wp-content\/uploads\/2026\/03\/image-32-768x594.png 768w, https:\/\/efs91.fr\/v2\/wp-content\/uploads\/2026\/03\/image-32-600x464.png 600w\" sizes=\"auto, (max-width: 1004px) 100vw, 1004px\" \/><\/figure>\n\n\n\n<p>Le serveur appara\u00eet maintenant dans le liste, il suffit de double cliquer dessus pour y acceder<\/p>\n\n\n\n<figure class=\"wp-block-image size-full\"><img loading=\"lazy\" decoding=\"async\" width=\"1017\" height=\"788\" src=\"https:\/\/efs91.fr\/v2\/wp-content\/uploads\/2026\/03\/image-33.png\" alt=\"\" class=\"wp-image-2848\" srcset=\"https:\/\/efs91.fr\/v2\/wp-content\/uploads\/2026\/03\/image-33.png 1017w, https:\/\/efs91.fr\/v2\/wp-content\/uploads\/2026\/03\/image-33-300x232.png 300w, https:\/\/efs91.fr\/v2\/wp-content\/uploads\/2026\/03\/image-33-768x595.png 768w, https:\/\/efs91.fr\/v2\/wp-content\/uploads\/2026\/03\/image-33-600x465.png 600w\" sizes=\"auto, (max-width: 1017px) 100vw, 1017px\" \/><\/figure>\n","protected":false},"excerpt":{"rendered":"<p>Installer Curse Forge : https:\/\/www.curseforge.com\/download\/app 1. Il faut cliquer sur Download Standalone (voir image ci-dessous) 2. Il faut ex\u00e9cuter le [&hellip;]<\/p>\n","protected":false},"author":1,"featured_media":0,"parent":0,"menu_order":0,"comment_status":"closed","ping_status":"closed","template":"","meta":{"site-sidebar-layout":"default","site-content-layout":"","ast-site-content-layout":"","site-content-style":"default","site-sidebar-style":"default","ast-global-header-display":"","ast-banner-title-visibility":"","ast-main-header-display":"","ast-hfb-above-header-display":"","ast-hfb-below-header-display":"","ast-hfb-mobile-header-display":"","site-post-title":"","ast-breadcrumbs-content":"","ast-featured-img":"","footer-sml-layout":"","theme-transparent-header-meta":"","adv-header-id-meta":"","stick-header-meta":"","header-above-stick-meta":"","header-main-stick-meta":"","header-below-stick-meta":"","astra-migrate-meta-layouts":"default","ast-page-background-enabled":"default","ast-page-background-meta":{"desktop":{"background-color":"var(--ast-global-color-5)","background-image":"","background-repeat":"repeat","background-position":"center center","background-size":"auto","background-attachment":"scroll","background-type":"","background-media":"","overlay-type":"","overlay-color":"","overlay-opacity":"","overlay-gradient":""},"tablet":{"background-color":"","background-image":"","background-repeat":"repeat","background-position":"center center","background-size":"auto","background-attachment":"scroll","background-type":"","background-media":"","overlay-type":"","overlay-color":"","overlay-opacity":"","overlay-gradient":""},"mobile":{"background-color":"","background-image":"","background-repeat":"repeat","background-position":"center center","background-size":"auto","background-attachment":"scroll","background-type":"","background-media":"","overlay-type":"","overlay-color":"","overlay-opacity":"","overlay-gradient":""}},"ast-content-background-meta":{"desktop":{"background-color":"var(--ast-global-color-4)","background-image":"","background-repeat":"repeat","background-position":"center center","background-size":"auto","background-attachment":"scroll","background-type":"","background-media":"","overlay-type":"","overlay-color":"","overlay-opacity":"","overlay-gradient":""},"tablet":{"background-color":"var(--ast-global-color-4)","background-image":"","background-repeat":"repeat","background-position":"center center","background-size":"auto","background-attachment":"scroll","background-type":"","background-media":"","overlay-type":"","overlay-color":"","overlay-opacity":"","overlay-gradient":""},"mobile":{"background-color":"var(--ast-global-color-4)","background-image":"","background-repeat":"repeat","background-position":"center center","background-size":"auto","background-attachment":"scroll","background-type":"","background-media":"","overlay-type":"","overlay-color":"","overlay-opacity":"","overlay-gradient":""}},"footnotes":""},"class_list":["post-2814","page","type-page","status-publish","hentry"],"_links":{"self":[{"href":"https:\/\/efs91.fr\/v2\/wp-json\/wp\/v2\/pages\/2814","targetHints":{"allow":["GET"]}}],"collection":[{"href":"https:\/\/efs91.fr\/v2\/wp-json\/wp\/v2\/pages"}],"about":[{"href":"https:\/\/efs91.fr\/v2\/wp-json\/wp\/v2\/types\/page"}],"author":[{"embeddable":true,"href":"https:\/\/efs91.fr\/v2\/wp-json\/wp\/v2\/users\/1"}],"replies":[{"embeddable":true,"href":"https:\/\/efs91.fr\/v2\/wp-json\/wp\/v2\/comments?post=2814"}],"version-history":[{"count":1,"href":"https:\/\/efs91.fr\/v2\/wp-json\/wp\/v2\/pages\/2814\/revisions"}],"predecessor-version":[{"id":2849,"href":"https:\/\/efs91.fr\/v2\/wp-json\/wp\/v2\/pages\/2814\/revisions\/2849"}],"wp:attachment":[{"href":"https:\/\/efs91.fr\/v2\/wp-json\/wp\/v2\/media?parent=2814"}],"curies":[{"name":"wp","href":"https:\/\/api.w.org\/{rel}","templated":true}]}}