

{"id":2385,"date":"2025-08-31T17:59:59","date_gmt":"2025-08-31T15:59:59","guid":{"rendered":"https:\/\/efs91.fr\/v2\/?post_type=product&#038;p=2385"},"modified":"2025-09-01T15:48:50","modified_gmt":"2025-09-01T13:48:50","slug":"abonnement-fortnite-competitions-newad","status":"publish","type":"product","link":"https:\/\/efs91.fr\/v2\/produit\/abonnement-fortnite-competitions-newad\/","title":{"rendered":"Essais Gratuits &#8211; Abonnement FORTNITE Comp\u00e9titions"},"content":{"rendered":"<table>\n<tbody>\n<tr>\n<td><strong>Cette cotisation permet :<\/strong><\/p>\n<ul>\n<li>2 heure de cours sur FORTNITE par semaine.<\/li>\n<li>Acc\u00e8s au serveur FORTNITE de EFS91<\/li>\n<li>Acc\u00e8s au canaux priv\u00e9 FORTNITE du DISCORD de EFS91<\/li>\n<\/ul>\n<p><strong>Dur\u00e9e : 1 an.<\/strong><\/td>\n<td>\n<ul>\n<li><strong>Initiation \u00e0 l&rsquo;eSport<\/strong> : D\u00e9couverte de l&rsquo;univers comp\u00e9titif de l&rsquo;eSport et de ses enjeux.<\/li>\n<li><strong>Pr\u00e9paration Mentale<\/strong> : Renforce la r\u00e9silience, la concentration et la gestion du stress pour les comp\u00e9titions.<\/li>\n<li><strong>Opportunit\u00e9s uniques<\/strong> : Possibilit\u00e9 de jouer aux c\u00f4t\u00e9s de professionnels pour apprendre directement des experts.<\/li>\n<li><strong>Tactiques Avanc\u00e9es<\/strong> : Cours d\u00e9taill\u00e9s sur les strat\u00e9gies de jeu les plus efficaces pour la comp\u00e9tition.<\/li>\n<li><strong>Entra\u00eenement R\u00e9gulier<\/strong> : Sessions intensives pour perfectionner les comp\u00e9tences n\u00e9cessaires \u00e0 la comp\u00e9tition.<\/li>\n<li><strong>Analyse de Jeu<\/strong> : Retours et critiques constructives sur les performances pour une am\u00e9lioration constante.<\/li>\n<li><strong>Pr\u00e9paration aux Tournois<\/strong> : Conseils et astuces sp\u00e9cifiques pour se pr\u00e9parer aux grands \u00e9v\u00e9nements.<\/li>\n<li><strong>Gestion de l&rsquo;Adversit\u00e9<\/strong> : Apprendre \u00e0 s&rsquo;adapter rapidement \u00e0 diff\u00e9rents styles de jeu d&rsquo;adversaires.<\/li>\n<li><strong>Dynamique d&rsquo;\u00c9quipe<\/strong> : Renforce la communication et la coop\u00e9ration avec les co\u00e9quipiers lors des matchs en \u00e9quipe.<\/li>\n<li><strong>Sportivit\u00e9<\/strong> : Valeurs d&rsquo;int\u00e9grit\u00e9, de respect et d&rsquo;\u00e9thique dans un environnement comp\u00e9titif.<\/li>\n<\/ul>\n<\/td>\n<\/tr>\n<\/tbody>\n<\/table>\n","protected":false},"excerpt":{"rendered":"<p><strong>Fortnite<\/strong> : 2 Heures de cours par semaine<\/p>\n<ul>\n<li>Samedi de 10h30 \u00e0 12h30<\/li>\n<\/ul>\n","protected":false},"featured_media":2386,"template":"","meta":{"site-sidebar-layout":"default","site-content-layout":"","ast-site-content-layout":"default","site-content-style":"default","site-sidebar-style":"default","ast-global-header-display":"","ast-banner-title-visibility":"","ast-main-header-display":"","ast-hfb-above-header-display":"","ast-hfb-below-header-display":"","ast-hfb-mobile-header-display":"","site-post-title":"","ast-breadcrumbs-content":"","ast-featured-img":"","footer-sml-layout":"","theme-transparent-header-meta":"default","adv-header-id-meta":"","stick-header-meta":"","header-above-stick-meta":"","header-main-stick-meta":"","header-below-stick-meta":"","astra-migrate-meta-layouts":"set","ast-page-background-enabled":"default","ast-page-background-meta":{"desktop":{"background-color":"var(--ast-global-color-5)","background-image":"","background-repeat":"repeat","background-position":"center center","background-size":"auto","background-attachment":"scroll","background-type":"","background-media":"","overlay-type":"","overlay-color":"","overlay-opacity":"","overlay-gradient":""},"tablet":{"background-color":"","background-image":"","background-repeat":"repeat","background-position":"center center","background-size":"auto","background-attachment":"scroll","background-type":"","background-media":"","overlay-type":"","overlay-color":"","overlay-opacity":"","overlay-gradient":""},"mobile":{"background-color":"","background-image":"","background-repeat":"repeat","background-position":"center center","background-size":"auto","background-attachment":"scroll","background-type":"","background-media":"","overlay-type":"","overlay-color":"","overlay-opacity":"","overlay-gradient":""}},"ast-content-background-meta":{"desktop":{"background-color":"var(--ast-global-color-4)","background-image":"","background-repeat":"repeat","background-position":"center center","background-size":"auto","background-attachment":"scroll","background-type":"","background-media":"","overlay-type":"","overlay-color":"","overlay-opacity":"","overlay-gradient":""},"tablet":{"background-color":"var(--ast-global-color-4)","background-image":"","background-repeat":"repeat","background-position":"center center","background-size":"auto","background-attachment":"scroll","background-type":"","background-media":"","overlay-type":"","overlay-color":"","overlay-opacity":"","overlay-gradient":""},"mobile":{"background-color":"var(--ast-global-color-4)","background-image":"","background-repeat":"repeat","background-position":"center center","background-size":"auto","background-attachment":"scroll","background-type":"","background-media":"","overlay-type":"","overlay-color":"","overlay-opacity":"","overlay-gradient":""}}},"product_brand":[],"product_cat":[50],"product_tag":[29,32,33,36],"class_list":{"0":"post-2385","1":"product","2":"type-product","3":"status-publish","4":"has-post-thumbnail","6":"product_cat-nouveauxad","7":"product_tag-annuelle","8":"product_tag-cotisation","9":"product_tag-cours","10":"product_tag-fortnite","11":"desktop-align-left","12":"tablet-align-left","13":"mobile-align-left","15":"first","16":"instock","17":"shipping-taxable","18":"product-type-external"},"_links":{"self":[{"href":"https:\/\/efs91.fr\/v2\/wp-json\/wp\/v2\/product\/2385","targetHints":{"allow":["GET"]}}],"collection":[{"href":"https:\/\/efs91.fr\/v2\/wp-json\/wp\/v2\/product"}],"about":[{"href":"https:\/\/efs91.fr\/v2\/wp-json\/wp\/v2\/types\/product"}],"wp:featuredmedia":[{"embeddable":true,"href":"https:\/\/efs91.fr\/v2\/wp-json\/wp\/v2\/media\/2386"}],"wp:attachment":[{"href":"https:\/\/efs91.fr\/v2\/wp-json\/wp\/v2\/media?parent=2385"}],"wp:term":[{"taxonomy":"product_brand","embeddable":true,"href":"https:\/\/efs91.fr\/v2\/wp-json\/wp\/v2\/product_brand?post=2385"},{"taxonomy":"product_cat","embeddable":true,"href":"https:\/\/efs91.fr\/v2\/wp-json\/wp\/v2\/product_cat?post=2385"},{"taxonomy":"product_tag","embeddable":true,"href":"https:\/\/efs91.fr\/v2\/wp-json\/wp\/v2\/product_tag?post=2385"}],"curies":[{"name":"wp","href":"https:\/\/api.w.org\/{rel}","templated":true}]}}